{"id":1312,"date":"2023-03-30T10:22:45","date_gmt":"2023-03-30T09:22:45","guid":{"rendered":"https:\/\/bamfordwines.se\/?post_type=product&#038;p=1312"},"modified":"2025-10-23T18:46:40","modified_gmt":"2025-10-23T17:46:40","slug":"infusio-2020","status":"publish","type":"product","link":"https:\/\/bamfordwines.se\/?product=infusio-2020","title":{"rendered":"Infusio 2020"},"content":{"rendered":"<p>Infusio fr\u00e5n Pannonhalmi Ap\u00e1ts\u00e1gi \u00e4r ett torrt r\u00f6tt vin i Bordeaux-stil och \u00e4r producentens flaggskepp. I Ungern \u00e4r Infusio erk\u00e4nt som ett av de fr\u00e4msta inhemska premiumvinerna. Vinet \u00e4r komponerat av 60% Merlot och 40% Cabernet franc, och druvorna har odlats i producentens varmaste ving\u00e5rd: Babsz\u00f6k\u0151. Det h\u00e4r \u00e4r ett seri\u00f6st och elegant vin med h\u00f6g lagringspotential.<\/p>\n<p>Ett fylligt vin med h\u00f6g koncentration. Doften av mogna bj\u00f6rnb\u00e4r och tranb\u00e4r kompletteras av s\u00f6t kryddighet fr\u00e5n nya fat. Balans mellan s\u00f6tma, alkohol och mogna tanniner och en mjuk, koncentrerad smak av torkade surk\u00f6rsb\u00e4r, plommon, kaffe och choklad.<\/p>\n<a href=\"https:\/\/bamfordwines.se\/wp-content\/uploads\/2023\/05\/Infusio-2020.pdf\" target=\"_blank\" class=\"button primary is-outline\" rel=\"noopener\" >\n\t\t<span>Produktblad<\/span>\n\t<\/a>\n\n","protected":false},"excerpt":{"rendered":"<p>Ett fylligt vin med h\u00f6g koncentration. Doften av mogna bj\u00f6rnb\u00e4r och tranb\u00e4r kompletteras av s\u00f6t kryddighet fr\u00e5n nya fat. Balans mellan s\u00f6tma, alkohol och mogna tanniner och en mjuk, koncentrerad smak av torkade surk\u00f6rsb\u00e4r, plommon, kaffe och choklad.<\/p>\n","protected":false},"featured_media":571,"template":"","meta":{"inline_featured_image":false},"product_brand":[],"product_cat":[34],"product_tag":[],"class_list":{"0":"post-1312","1":"product","2":"type-product","3":"status-publish","4":"has-post-thumbnail","6":"product_cat-pannonhalmiapatsagi","8":"first","9":"instock","10":"shipping-taxable","11":"product-type-external"},"yoast_head":"<!-- This site is optimized with the Yoast SEO plugin v27.6 - https:\/\/yoast.com\/product\/yoast-seo-wordpress\/ -->\n<title>Infusio 2020 - Bamford Wines<\/title>\n<meta name=\"description\" content=\"Infusio fr\u00e5n Pannonhalmi Ap\u00e1ts\u00e1gi \u00e4r ett r\u00f6tt vin i Bordeaux-stil. Druvorna kommer fr\u00e5n producentens varmaste ving\u00e5rd Babsz\u00f6k\u0151.\" \/>\n<meta name=\"robots\" content=\"index, follow, max-snippet:-1, max-image-preview:large, max-video-preview:-1\" \/>\n<link rel=\"canonical\" href=\"https:\/\/bamfordwines.se\/?product=infusio-2020\" \/>\n<meta property=\"og:locale\" content=\"sv_SE\" \/>\n<meta property=\"og:type\" content=\"article\" \/>\n<meta property=\"og:title\" content=\"Infusio 2020 - Bamford Wines\" \/>\n<meta property=\"og:description\" content=\"Infusio fr\u00e5n Pannonhalmi Ap\u00e1ts\u00e1gi \u00e4r ett r\u00f6tt vin i Bordeaux-stil. Druvorna kommer fr\u00e5n producentens varmaste ving\u00e5rd Babsz\u00f6k\u0151.\" \/>\n<meta property=\"og:url\" content=\"https:\/\/bamfordwines.se\/?product=infusio-2020\" \/>\n<meta property=\"og:site_name\" content=\"Bamford Wines\" \/>\n<meta property=\"article:publisher\" content=\"https:\/\/www.facebook.com\/profile.php?id=100090982215975\" \/>\n<meta property=\"article:modified_time\" content=\"2025-10-23T17:46:40+00:00\" \/>\n<meta property=\"og:image\" content=\"https:\/\/bamfordwines.se\/wp-content\/uploads\/2023\/03\/Infusio-2-scaled.jpg\" \/>\n\t<meta property=\"og:image:width\" content=\"2560\" \/>\n\t<meta property=\"og:image:height\" content=\"2560\" \/>\n\t<meta property=\"og:image:type\" content=\"image\/jpeg\" \/>\n<meta name=\"twitter:card\" content=\"summary_large_image\" \/>\n<meta name=\"twitter:label1\" content=\"Ber\u00e4knad l\u00e4stid\" \/>\n\t<meta name=\"twitter:data1\" content=\"1 minut\" \/>\n<script type=\"application\/ld+json\" class=\"yoast-schema-graph\">{\"@context\":\"https:\\\/\\\/schema.org\",\"@graph\":[{\"@type\":\"WebPage\",\"@id\":\"https:\\\/\\\/bamfordwines.se\\\/?product=infusio-2020\",\"url\":\"https:\\\/\\\/bamfordwines.se\\\/?product=infusio-2020\",\"name\":\"Infusio 2020 - Bamford Wines\",\"isPartOf\":{\"@id\":\"https:\\\/\\\/bamfordwines.se\\\/#website\"},\"primaryImageOfPage\":{\"@id\":\"https:\\\/\\\/bamfordwines.se\\\/?product=infusio-2020#primaryimage\"},\"image\":{\"@id\":\"https:\\\/\\\/bamfordwines.se\\\/?product=infusio-2020#primaryimage\"},\"thumbnailUrl\":\"https:\\\/\\\/bamfordwines.se\\\/wp-content\\\/uploads\\\/2023\\\/03\\\/Infusio-2-scaled.jpg\",\"datePublished\":\"2023-03-30T09:22:45+00:00\",\"dateModified\":\"2025-10-23T17:46:40+00:00\",\"description\":\"Infusio fr\u00e5n Pannonhalmi Ap\u00e1ts\u00e1gi \u00e4r ett r\u00f6tt vin i Bordeaux-stil. Druvorna kommer fr\u00e5n producentens varmaste ving\u00e5rd Babsz\u00f6k\u0151.\",\"breadcrumb\":{\"@id\":\"https:\\\/\\\/bamfordwines.se\\\/?product=infusio-2020#breadcrumb\"},\"inLanguage\":\"sv-SE\",\"potentialAction\":[{\"@type\":\"ReadAction\",\"target\":[\"https:\\\/\\\/bamfordwines.se\\\/?product=infusio-2020\"]}]},{\"@type\":\"ImageObject\",\"inLanguage\":\"sv-SE\",\"@id\":\"https:\\\/\\\/bamfordwines.se\\\/?product=infusio-2020#primaryimage\",\"url\":\"https:\\\/\\\/bamfordwines.se\\\/wp-content\\\/uploads\\\/2023\\\/03\\\/Infusio-2-scaled.jpg\",\"contentUrl\":\"https:\\\/\\\/bamfordwines.se\\\/wp-content\\\/uploads\\\/2023\\\/03\\\/Infusio-2-scaled.jpg\",\"width\":2560,\"height\":2560},{\"@type\":\"BreadcrumbList\",\"@id\":\"https:\\\/\\\/bamfordwines.se\\\/?product=infusio-2020#breadcrumb\",\"itemListElement\":[{\"@type\":\"ListItem\",\"position\":1,\"name\":\"Hem\",\"item\":\"https:\\\/\\\/bamfordwines.se\\\/\"},{\"@type\":\"ListItem\",\"position\":2,\"name\":\"Produkter\",\"item\":\"https:\\\/\\\/bamfordwines.se\\\/?post_type=product\"},{\"@type\":\"ListItem\",\"position\":3,\"name\":\"Infusio 2020\"}]},{\"@type\":\"WebSite\",\"@id\":\"https:\\\/\\\/bamfordwines.se\\\/#website\",\"url\":\"https:\\\/\\\/bamfordwines.se\\\/\",\"name\":\"Bamford Wines\",\"description\":\"\",\"publisher\":{\"@id\":\"https:\\\/\\\/bamfordwines.se\\\/#organization\"},\"potentialAction\":[{\"@type\":\"SearchAction\",\"target\":{\"@type\":\"EntryPoint\",\"urlTemplate\":\"https:\\\/\\\/bamfordwines.se\\\/?s={search_term_string}\"},\"query-input\":{\"@type\":\"PropertyValueSpecification\",\"valueRequired\":true,\"valueName\":\"search_term_string\"}}],\"inLanguage\":\"sv-SE\"},{\"@type\":\"Organization\",\"@id\":\"https:\\\/\\\/bamfordwines.se\\\/#organization\",\"name\":\"Bamford Wines\",\"url\":\"https:\\\/\\\/bamfordwines.se\\\/\",\"logo\":{\"@type\":\"ImageObject\",\"inLanguage\":\"sv-SE\",\"@id\":\"https:\\\/\\\/bamfordwines.se\\\/#\\\/schema\\\/logo\\\/image\\\/\",\"url\":\"https:\\\/\\\/bamfordwines.se\\\/wp-content\\\/uploads\\\/2023\\\/01\\\/BAMFORD-WINES-LOGO-0.jpg\",\"contentUrl\":\"https:\\\/\\\/bamfordwines.se\\\/wp-content\\\/uploads\\\/2023\\\/01\\\/BAMFORD-WINES-LOGO-0.jpg\",\"width\":2000,\"height\":940,\"caption\":\"Bamford Wines\"},\"image\":{\"@id\":\"https:\\\/\\\/bamfordwines.se\\\/#\\\/schema\\\/logo\\\/image\\\/\"},\"sameAs\":[\"https:\\\/\\\/www.facebook.com\\\/profile.php?id=100090982215975\"]}]}<\/script>\n<!-- \/ Yoast SEO plugin. -->","yoast_head_json":{"title":"Infusio 2020 - Bamford Wines","description":"Infusio fr\u00e5n Pannonhalmi Ap\u00e1ts\u00e1gi \u00e4r ett r\u00f6tt vin i Bordeaux-stil. Druvorna kommer fr\u00e5n producentens varmaste ving\u00e5rd Babsz\u00f6k\u0151.","robots":{"index":"index","follow":"follow","max-snippet":"max-snippet:-1","max-image-preview":"max-image-preview:large","max-video-preview":"max-video-preview:-1"},"canonical":"https:\/\/bamfordwines.se\/?product=infusio-2020","og_locale":"sv_SE","og_type":"article","og_title":"Infusio 2020 - Bamford Wines","og_description":"Infusio fr\u00e5n Pannonhalmi Ap\u00e1ts\u00e1gi \u00e4r ett r\u00f6tt vin i Bordeaux-stil. Druvorna kommer fr\u00e5n producentens varmaste ving\u00e5rd Babsz\u00f6k\u0151.","og_url":"https:\/\/bamfordwines.se\/?product=infusio-2020","og_site_name":"Bamford Wines","article_publisher":"https:\/\/www.facebook.com\/profile.php?id=100090982215975","article_modified_time":"2025-10-23T17:46:40+00:00","og_image":[{"width":2560,"height":2560,"url":"https:\/\/bamfordwines.se\/wp-content\/uploads\/2023\/03\/Infusio-2-scaled.jpg","type":"image\/jpeg"}],"twitter_card":"summary_large_image","twitter_misc":{"Ber\u00e4knad l\u00e4stid":"1 minut"},"schema":{"@context":"https:\/\/schema.org","@graph":[{"@type":"WebPage","@id":"https:\/\/bamfordwines.se\/?product=infusio-2020","url":"https:\/\/bamfordwines.se\/?product=infusio-2020","name":"Infusio 2020 - Bamford Wines","isPartOf":{"@id":"https:\/\/bamfordwines.se\/#website"},"primaryImageOfPage":{"@id":"https:\/\/bamfordwines.se\/?product=infusio-2020#primaryimage"},"image":{"@id":"https:\/\/bamfordwines.se\/?product=infusio-2020#primaryimage"},"thumbnailUrl":"https:\/\/bamfordwines.se\/wp-content\/uploads\/2023\/03\/Infusio-2-scaled.jpg","datePublished":"2023-03-30T09:22:45+00:00","dateModified":"2025-10-23T17:46:40+00:00","description":"Infusio fr\u00e5n Pannonhalmi Ap\u00e1ts\u00e1gi \u00e4r ett r\u00f6tt vin i Bordeaux-stil. Druvorna kommer fr\u00e5n producentens varmaste ving\u00e5rd Babsz\u00f6k\u0151.","breadcrumb":{"@id":"https:\/\/bamfordwines.se\/?product=infusio-2020#breadcrumb"},"inLanguage":"sv-SE","potentialAction":[{"@type":"ReadAction","target":["https:\/\/bamfordwines.se\/?product=infusio-2020"]}]},{"@type":"ImageObject","inLanguage":"sv-SE","@id":"https:\/\/bamfordwines.se\/?product=infusio-2020#primaryimage","url":"https:\/\/bamfordwines.se\/wp-content\/uploads\/2023\/03\/Infusio-2-scaled.jpg","contentUrl":"https:\/\/bamfordwines.se\/wp-content\/uploads\/2023\/03\/Infusio-2-scaled.jpg","width":2560,"height":2560},{"@type":"BreadcrumbList","@id":"https:\/\/bamfordwines.se\/?product=infusio-2020#breadcrumb","itemListElement":[{"@type":"ListItem","position":1,"name":"Hem","item":"https:\/\/bamfordwines.se\/"},{"@type":"ListItem","position":2,"name":"Produkter","item":"https:\/\/bamfordwines.se\/?post_type=product"},{"@type":"ListItem","position":3,"name":"Infusio 2020"}]},{"@type":"WebSite","@id":"https:\/\/bamfordwines.se\/#website","url":"https:\/\/bamfordwines.se\/","name":"Bamford Wines","description":"","publisher":{"@id":"https:\/\/bamfordwines.se\/#organization"},"potentialAction":[{"@type":"SearchAction","target":{"@type":"EntryPoint","urlTemplate":"https:\/\/bamfordwines.se\/?s={search_term_string}"},"query-input":{"@type":"PropertyValueSpecification","valueRequired":true,"valueName":"search_term_string"}}],"inLanguage":"sv-SE"},{"@type":"Organization","@id":"https:\/\/bamfordwines.se\/#organization","name":"Bamford Wines","url":"https:\/\/bamfordwines.se\/","logo":{"@type":"ImageObject","inLanguage":"sv-SE","@id":"https:\/\/bamfordwines.se\/#\/schema\/logo\/image\/","url":"https:\/\/bamfordwines.se\/wp-content\/uploads\/2023\/01\/BAMFORD-WINES-LOGO-0.jpg","contentUrl":"https:\/\/bamfordwines.se\/wp-content\/uploads\/2023\/01\/BAMFORD-WINES-LOGO-0.jpg","width":2000,"height":940,"caption":"Bamford Wines"},"image":{"@id":"https:\/\/bamfordwines.se\/#\/schema\/logo\/image\/"},"sameAs":["https:\/\/www.facebook.com\/profile.php?id=100090982215975"]}]}},"_links":{"self":[{"href":"https:\/\/bamfordwines.se\/index.php?rest_route=\/wp\/v2\/product\/1312","targetHints":{"allow":["GET"]}}],"collection":[{"href":"https:\/\/bamfordwines.se\/index.php?rest_route=\/wp\/v2\/product"}],"about":[{"href":"https:\/\/bamfordwines.se\/index.php?rest_route=\/wp\/v2\/types\/product"}],"wp:featuredmedia":[{"embeddable":true,"href":"https:\/\/bamfordwines.se\/index.php?rest_route=\/wp\/v2\/media\/571"}],"wp:attachment":[{"href":"https:\/\/bamfordwines.se\/index.php?rest_route=%2Fwp%2Fv2%2Fmedia&parent=1312"}],"wp:term":[{"taxonomy":"product_brand","embeddable":true,"href":"https:\/\/bamfordwines.se\/index.php?rest_route=%2Fwp%2Fv2%2Fproduct_brand&post=1312"},{"taxonomy":"product_cat","embeddable":true,"href":"https:\/\/bamfordwines.se\/index.php?rest_route=%2Fwp%2Fv2%2Fproduct_cat&post=1312"},{"taxonomy":"product_tag","embeddable":true,"href":"https:\/\/bamfordwines.se\/index.php?rest_route=%2Fwp%2Fv2%2Fproduct_tag&post=1312"}],"curies":[{"name":"wp","href":"https:\/\/api.w.org\/{rel}","templated":true}]}}