{"id":1311,"date":"2023-03-30T10:22:25","date_gmt":"2023-03-30T09:22:25","guid":{"rendered":"https:\/\/bamfordwines.se\/?post_type=product&#038;p=1311"},"modified":"2023-05-26T15:25:08","modified_gmt":"2023-05-26T14:25:08","slug":"gesztenyes-2017","status":"publish","type":"product","link":"https:\/\/bamfordwines.se\/?product=gesztenyes-2017","title":{"rendered":"Geszteny\u00e9s 2017"},"content":{"rendered":"<p>Jackfall Geszteny\u00e9s \u00e4r ett torrt r\u00f6tt vin gjort p\u00e5 100% Portugieser. Jackfall betraktar Vill\u00e1nys traditionella druvsort \u201dK\u00e9koport\u00f3\u201d, eller Portugieser som den officiellt kallas, som en hj\u00e4rtefr\u00e5ga. Om \u00e5rg\u00e5ngen till\u00e5ter g\u00f6rs ett premiumvin av denna m\u00e5ngsidiga och sp\u00e4nnande sort, och 2017 var ett s\u00e5dant \u00e5r. Vinet har f\u00e5tt sitt namn fr\u00e5n den del av ving\u00e5rden Bocor d\u00e4r den v\u00e4xer: Geszteny\u00e9s, vilket betyder &#8221;kastanj&#8221; p\u00e5 ungerska.<\/p>\n<p>Ett relativt l\u00e4tt vin som bjuder p\u00e5 r\u00f6db\u00e4rig frukt s\u00e5 som mogna jordgubbar och k\u00f6rsb\u00e4r. Frukten har integrerats v\u00e4l med kryddigheten fr\u00e5n fatlagringen. Vinet har \u00e4ven en trevlig kr\u00e4mighet och en touch av vanilj.<\/p>\n<a href=\"https:\/\/bamfordwines.se\/wp-content\/uploads\/2023\/05\/Gesztenyes-2017.pdf\" target=\"_blank\" class=\"button primary is-outline\" rel=\"noopener\" >\n\t\t<span>Produktblad<\/span>\n\t<\/a>\n\n<a href=\"https:\/\/www.systembolaget.se\/produkt\/vin\/gesztenyes-5477101\/\" target=\"_blank\" class=\"button primary is-outline\" rel=\"noopener\" >\n\t\t<span>Best\u00e4ll<\/span>\n\t<\/a>\n\n","protected":false},"excerpt":{"rendered":"<p>Ett relativt l\u00e4tt vin som bjuder p\u00e5 r\u00f6db\u00e4rig frukt s\u00e5 som mogna jordgubbar och k\u00f6rsb\u00e4r. Frukten har integrerats v\u00e4l med kryddigheten fr\u00e5n fatlagringen. Vinet har \u00e4ven en trevlig kr\u00e4mighet och en touch av vanilj.<\/p>\n","protected":false},"featured_media":570,"template":"","meta":{"inline_featured_image":false},"product_brand":[],"product_cat":[118],"product_tag":[],"class_list":{"0":"post-1311","1":"product","2":"type-product","3":"status-publish","4":"has-post-thumbnail","6":"product_cat-jackfall","8":"first","9":"instock","10":"shipping-taxable","11":"product-type-external"},"yoast_head":"<!-- This site is optimized with the Yoast SEO plugin v27.6 - https:\/\/yoast.com\/product\/yoast-seo-wordpress\/ -->\n<title>Geszteny\u00e9s 2017 - Bamford Wines<\/title>\n<meta name=\"description\" content=\"Jackfall Geszteny\u00e9s \u00e4r ett torrt r\u00f6tt vin gjort p\u00e5 druvan Portugieser. Jackfall betraktar Vill\u00e1nys traditionella druvsort Portugieser som en hj\u00e4rtefr\u00e5ga.\" \/>\n<meta name=\"robots\" content=\"index, follow, max-snippet:-1, max-image-preview:large, max-video-preview:-1\" \/>\n<link rel=\"canonical\" href=\"https:\/\/bamfordwines.se\/?product=gesztenyes-2017\" \/>\n<meta property=\"og:locale\" content=\"sv_SE\" \/>\n<meta property=\"og:type\" content=\"article\" \/>\n<meta property=\"og:title\" content=\"Geszteny\u00e9s 2017 - Bamford Wines\" \/>\n<meta property=\"og:description\" content=\"Jackfall Geszteny\u00e9s \u00e4r ett torrt r\u00f6tt vin gjort p\u00e5 druvan Portugieser. Jackfall betraktar Vill\u00e1nys traditionella druvsort Portugieser som en hj\u00e4rtefr\u00e5ga.\" \/>\n<meta property=\"og:url\" content=\"https:\/\/bamfordwines.se\/?product=gesztenyes-2017\" \/>\n<meta property=\"og:site_name\" content=\"Bamford Wines\" \/>\n<meta property=\"article:publisher\" content=\"https:\/\/www.facebook.com\/profile.php?id=100090982215975\" \/>\n<meta property=\"article:modified_time\" content=\"2023-05-26T14:25:08+00:00\" \/>\n<meta property=\"og:image\" content=\"https:\/\/bamfordwines.se\/wp-content\/uploads\/2023\/03\/Gestenyes-1-scaled.jpg\" \/>\n\t<meta property=\"og:image:width\" content=\"2560\" \/>\n\t<meta property=\"og:image:height\" content=\"2560\" \/>\n\t<meta property=\"og:image:type\" content=\"image\/jpeg\" \/>\n<meta name=\"twitter:card\" content=\"summary_large_image\" \/>\n<meta name=\"twitter:label1\" content=\"Ber\u00e4knad l\u00e4stid\" \/>\n\t<meta name=\"twitter:data1\" content=\"1 minut\" \/>\n<script type=\"application\/ld+json\" class=\"yoast-schema-graph\">{\"@context\":\"https:\\\/\\\/schema.org\",\"@graph\":[{\"@type\":\"WebPage\",\"@id\":\"https:\\\/\\\/bamfordwines.se\\\/?product=gesztenyes-2017\",\"url\":\"https:\\\/\\\/bamfordwines.se\\\/?product=gesztenyes-2017\",\"name\":\"Geszteny\u00e9s 2017 - Bamford Wines\",\"isPartOf\":{\"@id\":\"https:\\\/\\\/bamfordwines.se\\\/#website\"},\"primaryImageOfPage\":{\"@id\":\"https:\\\/\\\/bamfordwines.se\\\/?product=gesztenyes-2017#primaryimage\"},\"image\":{\"@id\":\"https:\\\/\\\/bamfordwines.se\\\/?product=gesztenyes-2017#primaryimage\"},\"thumbnailUrl\":\"https:\\\/\\\/bamfordwines.se\\\/wp-content\\\/uploads\\\/2023\\\/03\\\/Gestenyes-1-scaled.jpg\",\"datePublished\":\"2023-03-30T09:22:25+00:00\",\"dateModified\":\"2023-05-26T14:25:08+00:00\",\"description\":\"Jackfall Geszteny\u00e9s \u00e4r ett torrt r\u00f6tt vin gjort p\u00e5 druvan Portugieser. Jackfall betraktar Vill\u00e1nys traditionella druvsort Portugieser som en hj\u00e4rtefr\u00e5ga.\",\"breadcrumb\":{\"@id\":\"https:\\\/\\\/bamfordwines.se\\\/?product=gesztenyes-2017#breadcrumb\"},\"inLanguage\":\"sv-SE\",\"potentialAction\":[{\"@type\":\"ReadAction\",\"target\":[\"https:\\\/\\\/bamfordwines.se\\\/?product=gesztenyes-2017\"]}]},{\"@type\":\"ImageObject\",\"inLanguage\":\"sv-SE\",\"@id\":\"https:\\\/\\\/bamfordwines.se\\\/?product=gesztenyes-2017#primaryimage\",\"url\":\"https:\\\/\\\/bamfordwines.se\\\/wp-content\\\/uploads\\\/2023\\\/03\\\/Gestenyes-1-scaled.jpg\",\"contentUrl\":\"https:\\\/\\\/bamfordwines.se\\\/wp-content\\\/uploads\\\/2023\\\/03\\\/Gestenyes-1-scaled.jpg\",\"width\":2560,\"height\":2560},{\"@type\":\"BreadcrumbList\",\"@id\":\"https:\\\/\\\/bamfordwines.se\\\/?product=gesztenyes-2017#breadcrumb\",\"itemListElement\":[{\"@type\":\"ListItem\",\"position\":1,\"name\":\"Hem\",\"item\":\"https:\\\/\\\/bamfordwines.se\\\/\"},{\"@type\":\"ListItem\",\"position\":2,\"name\":\"Produkter\",\"item\":\"https:\\\/\\\/bamfordwines.se\\\/?post_type=product\"},{\"@type\":\"ListItem\",\"position\":3,\"name\":\"Geszteny\u00e9s 2017\"}]},{\"@type\":\"WebSite\",\"@id\":\"https:\\\/\\\/bamfordwines.se\\\/#website\",\"url\":\"https:\\\/\\\/bamfordwines.se\\\/\",\"name\":\"Bamford Wines\",\"description\":\"\",\"publisher\":{\"@id\":\"https:\\\/\\\/bamfordwines.se\\\/#organization\"},\"potentialAction\":[{\"@type\":\"SearchAction\",\"target\":{\"@type\":\"EntryPoint\",\"urlTemplate\":\"https:\\\/\\\/bamfordwines.se\\\/?s={search_term_string}\"},\"query-input\":{\"@type\":\"PropertyValueSpecification\",\"valueRequired\":true,\"valueName\":\"search_term_string\"}}],\"inLanguage\":\"sv-SE\"},{\"@type\":\"Organization\",\"@id\":\"https:\\\/\\\/bamfordwines.se\\\/#organization\",\"name\":\"Bamford Wines\",\"url\":\"https:\\\/\\\/bamfordwines.se\\\/\",\"logo\":{\"@type\":\"ImageObject\",\"inLanguage\":\"sv-SE\",\"@id\":\"https:\\\/\\\/bamfordwines.se\\\/#\\\/schema\\\/logo\\\/image\\\/\",\"url\":\"https:\\\/\\\/bamfordwines.se\\\/wp-content\\\/uploads\\\/2023\\\/01\\\/BAMFORD-WINES-LOGO-0.jpg\",\"contentUrl\":\"https:\\\/\\\/bamfordwines.se\\\/wp-content\\\/uploads\\\/2023\\\/01\\\/BAMFORD-WINES-LOGO-0.jpg\",\"width\":2000,\"height\":940,\"caption\":\"Bamford Wines\"},\"image\":{\"@id\":\"https:\\\/\\\/bamfordwines.se\\\/#\\\/schema\\\/logo\\\/image\\\/\"},\"sameAs\":[\"https:\\\/\\\/www.facebook.com\\\/profile.php?id=100090982215975\"]}]}<\/script>\n<!-- \/ Yoast SEO plugin. -->","yoast_head_json":{"title":"Geszteny\u00e9s 2017 - Bamford Wines","description":"Jackfall Geszteny\u00e9s \u00e4r ett torrt r\u00f6tt vin gjort p\u00e5 druvan Portugieser. Jackfall betraktar Vill\u00e1nys traditionella druvsort Portugieser som en hj\u00e4rtefr\u00e5ga.","robots":{"index":"index","follow":"follow","max-snippet":"max-snippet:-1","max-image-preview":"max-image-preview:large","max-video-preview":"max-video-preview:-1"},"canonical":"https:\/\/bamfordwines.se\/?product=gesztenyes-2017","og_locale":"sv_SE","og_type":"article","og_title":"Geszteny\u00e9s 2017 - Bamford Wines","og_description":"Jackfall Geszteny\u00e9s \u00e4r ett torrt r\u00f6tt vin gjort p\u00e5 druvan Portugieser. Jackfall betraktar Vill\u00e1nys traditionella druvsort Portugieser som en hj\u00e4rtefr\u00e5ga.","og_url":"https:\/\/bamfordwines.se\/?product=gesztenyes-2017","og_site_name":"Bamford Wines","article_publisher":"https:\/\/www.facebook.com\/profile.php?id=100090982215975","article_modified_time":"2023-05-26T14:25:08+00:00","og_image":[{"width":2560,"height":2560,"url":"https:\/\/bamfordwines.se\/wp-content\/uploads\/2023\/03\/Gestenyes-1-scaled.jpg","type":"image\/jpeg"}],"twitter_card":"summary_large_image","twitter_misc":{"Ber\u00e4knad l\u00e4stid":"1 minut"},"schema":{"@context":"https:\/\/schema.org","@graph":[{"@type":"WebPage","@id":"https:\/\/bamfordwines.se\/?product=gesztenyes-2017","url":"https:\/\/bamfordwines.se\/?product=gesztenyes-2017","name":"Geszteny\u00e9s 2017 - Bamford Wines","isPartOf":{"@id":"https:\/\/bamfordwines.se\/#website"},"primaryImageOfPage":{"@id":"https:\/\/bamfordwines.se\/?product=gesztenyes-2017#primaryimage"},"image":{"@id":"https:\/\/bamfordwines.se\/?product=gesztenyes-2017#primaryimage"},"thumbnailUrl":"https:\/\/bamfordwines.se\/wp-content\/uploads\/2023\/03\/Gestenyes-1-scaled.jpg","datePublished":"2023-03-30T09:22:25+00:00","dateModified":"2023-05-26T14:25:08+00:00","description":"Jackfall Geszteny\u00e9s \u00e4r ett torrt r\u00f6tt vin gjort p\u00e5 druvan Portugieser. Jackfall betraktar Vill\u00e1nys traditionella druvsort Portugieser som en hj\u00e4rtefr\u00e5ga.","breadcrumb":{"@id":"https:\/\/bamfordwines.se\/?product=gesztenyes-2017#breadcrumb"},"inLanguage":"sv-SE","potentialAction":[{"@type":"ReadAction","target":["https:\/\/bamfordwines.se\/?product=gesztenyes-2017"]}]},{"@type":"ImageObject","inLanguage":"sv-SE","@id":"https:\/\/bamfordwines.se\/?product=gesztenyes-2017#primaryimage","url":"https:\/\/bamfordwines.se\/wp-content\/uploads\/2023\/03\/Gestenyes-1-scaled.jpg","contentUrl":"https:\/\/bamfordwines.se\/wp-content\/uploads\/2023\/03\/Gestenyes-1-scaled.jpg","width":2560,"height":2560},{"@type":"BreadcrumbList","@id":"https:\/\/bamfordwines.se\/?product=gesztenyes-2017#breadcrumb","itemListElement":[{"@type":"ListItem","position":1,"name":"Hem","item":"https:\/\/bamfordwines.se\/"},{"@type":"ListItem","position":2,"name":"Produkter","item":"https:\/\/bamfordwines.se\/?post_type=product"},{"@type":"ListItem","position":3,"name":"Geszteny\u00e9s 2017"}]},{"@type":"WebSite","@id":"https:\/\/bamfordwines.se\/#website","url":"https:\/\/bamfordwines.se\/","name":"Bamford Wines","description":"","publisher":{"@id":"https:\/\/bamfordwines.se\/#organization"},"potentialAction":[{"@type":"SearchAction","target":{"@type":"EntryPoint","urlTemplate":"https:\/\/bamfordwines.se\/?s={search_term_string}"},"query-input":{"@type":"PropertyValueSpecification","valueRequired":true,"valueName":"search_term_string"}}],"inLanguage":"sv-SE"},{"@type":"Organization","@id":"https:\/\/bamfordwines.se\/#organization","name":"Bamford Wines","url":"https:\/\/bamfordwines.se\/","logo":{"@type":"ImageObject","inLanguage":"sv-SE","@id":"https:\/\/bamfordwines.se\/#\/schema\/logo\/image\/","url":"https:\/\/bamfordwines.se\/wp-content\/uploads\/2023\/01\/BAMFORD-WINES-LOGO-0.jpg","contentUrl":"https:\/\/bamfordwines.se\/wp-content\/uploads\/2023\/01\/BAMFORD-WINES-LOGO-0.jpg","width":2000,"height":940,"caption":"Bamford Wines"},"image":{"@id":"https:\/\/bamfordwines.se\/#\/schema\/logo\/image\/"},"sameAs":["https:\/\/www.facebook.com\/profile.php?id=100090982215975"]}]}},"_links":{"self":[{"href":"https:\/\/bamfordwines.se\/index.php?rest_route=\/wp\/v2\/product\/1311","targetHints":{"allow":["GET"]}}],"collection":[{"href":"https:\/\/bamfordwines.se\/index.php?rest_route=\/wp\/v2\/product"}],"about":[{"href":"https:\/\/bamfordwines.se\/index.php?rest_route=\/wp\/v2\/types\/product"}],"wp:featuredmedia":[{"embeddable":true,"href":"https:\/\/bamfordwines.se\/index.php?rest_route=\/wp\/v2\/media\/570"}],"wp:attachment":[{"href":"https:\/\/bamfordwines.se\/index.php?rest_route=%2Fwp%2Fv2%2Fmedia&parent=1311"}],"wp:term":[{"taxonomy":"product_brand","embeddable":true,"href":"https:\/\/bamfordwines.se\/index.php?rest_route=%2Fwp%2Fv2%2Fproduct_brand&post=1311"},{"taxonomy":"product_cat","embeddable":true,"href":"https:\/\/bamfordwines.se\/index.php?rest_route=%2Fwp%2Fv2%2Fproduct_cat&post=1311"},{"taxonomy":"product_tag","embeddable":true,"href":"https:\/\/bamfordwines.se\/index.php?rest_route=%2Fwp%2Fv2%2Fproduct_tag&post=1311"}],"curies":[{"name":"wp","href":"https:\/\/api.w.org\/{rel}","templated":true}]}}